{"id":11,"date":"2024-01-23T18:12:40","date_gmt":"2024-01-23T18:12:40","guid":{"rendered":"https:\/\/totemcocinas.mx\/?page_id=11"},"modified":"2025-11-07T21:32:49","modified_gmt":"2025-11-07T21:32:49","slug":"detalles-del-proyecto","status":"publish","type":"page","link":"https:\/\/totemcocinas.mx\/index.php\/detalles-del-proyecto\/","title":{"rendered":"Acabados"},"content":{"rendered":"\n<div class=\"wp-block-cover alignfull is-light\" style=\"min-height:320px;aspect-ratio:unset;\"><span aria-hidden=\"true\" class=\"wp-block-cover__background has-nv-site-bg-background-color has-background-dim-100 has-background-dim\"><\/span><div class=\"wp-block-cover__inner-container is-layout-flow wp-block-cover-is-layout-flow\">\n<div class=\"wp-block-group\"><div class=\"wp-block-group__inner-container is-layout-flow wp-block-group-is-layout-flow\">\n<div class=\"wp-block-columns are-vertically-aligned-center is-layout-flex wp-container-core-columns-is-layout-9d6595d7 wp-block-columns-is-layout-flex\">\n<div class=\"wp-block-column is-vertically-aligned-center is-layout-flow wp-block-column-is-layout-flow\" style=\"flex-basis:70%\">\n<div class=\"wp-block-group\"><div class=\"wp-block-group__inner-container is-layout-constrained wp-block-group-is-layout-constrained\">\n<h1 class=\"wp-block-heading has-text-align-left has-neve-text-color-color has-text-color\">Acabados<\/h1>\n<\/div><\/div>\n\n\n\n<p class=\"justificado has-neve-text-color-color has-text-color\" style=\"font-size:22px\">Conoce nuestra variedad de maderas, melaminas, vidrios, lacas, varnices, m\u00e1rmol, cuarzo, granito, porcelanato y piedras en sus diferentes colores, tonalidades y texturas.<\/p>\n<\/div>\n\n\n\n<div class=\"wp-block-column is-vertically-aligned-center is-layout-flow wp-block-column-is-layout-flow\" style=\"flex-basis:30%\"><div class=\"wp-block-image\">\n<figure class=\"aligncenter size-large is-resized\"><a href=\"https:\/\/totemcocinas.mx\/\"><img loading=\"lazy\" decoding=\"async\" width=\"1024\" height=\"522\" src=\"http:\/\/totemcocinas.mx\/wp-content\/uploads\/2025\/11\/01-TOTEM-1024x522.jpg\" alt=\"\" class=\"wp-image-621\" style=\"width:288px;height:auto\" srcset=\"https:\/\/totemcocinas.mx\/wp-content\/uploads\/2025\/11\/01-TOTEM-1024x522.jpg 1024w, https:\/\/totemcocinas.mx\/wp-content\/uploads\/2025\/11\/01-TOTEM-300x153.jpg 300w, https:\/\/totemcocinas.mx\/wp-content\/uploads\/2025\/11\/01-TOTEM-768x391.jpg 768w, https:\/\/totemcocinas.mx\/wp-content\/uploads\/2025\/11\/01-TOTEM-1536x782.jpg 1536w, https:\/\/totemcocinas.mx\/wp-content\/uploads\/2025\/11\/01-TOTEM-2048x1043.jpg 2048w\" sizes=\"auto, (max-width: 1024px) 100vw, 1024px\" \/><\/a><\/figure><\/div><\/div>\n<\/div>\n<\/div><\/div>\n<\/div><\/div>\n\n\n\n<div class=\"wp-block-cover alignfull is-light\" style=\"min-height:600px;aspect-ratio:unset;\"><span aria-hidden=\"true\" class=\"wp-block-cover__background has-nv-light-bg-background-color has-background-dim-100 has-background-dim\"><\/span><div class=\"wp-block-cover__inner-container is-layout-flow wp-block-cover-is-layout-flow\">\n<div class=\"wp-block-group\"><div class=\"wp-block-group__inner-container is-layout-flow wp-block-group-is-layout-flow\">\n<div style=\"height:80px\" aria-hidden=\"true\" class=\"wp-block-spacer justificado\"><\/div>\n\n\n\n<div class=\"wp-block-columns is-layout-flex wp-container-core-columns-is-layout-9d6595d7 wp-block-columns-is-layout-flex\">\n<div class=\"wp-block-column is-layout-flow wp-block-column-is-layout-flow\" style=\"flex-basis:66.79%\">\n<figure class=\"wp-block-image size-full is-resized\"><img loading=\"lazy\" decoding=\"async\" width=\"1000\" height=\"667\" src=\"https:\/\/totemcocinas.mx\/wp-content\/uploads\/2024\/01\/11.jpg\" alt=\"\" class=\"wp-image-148\" style=\"width:745px;height:auto\" srcset=\"https:\/\/totemcocinas.mx\/wp-content\/uploads\/2024\/01\/11.jpg 1000w, https:\/\/totemcocinas.mx\/wp-content\/uploads\/2024\/01\/11-300x200.jpg 300w, https:\/\/totemcocinas.mx\/wp-content\/uploads\/2024\/01\/11-768x512.jpg 768w, https:\/\/totemcocinas.mx\/wp-content\/uploads\/2024\/01\/11-930x620.jpg 930w\" sizes=\"auto, (max-width: 1000px) 100vw, 1000px\" \/><\/figure>\n<\/div>\n\n\n\n<div class=\"wp-block-column is-layout-flow wp-block-column-is-layout-flow\" style=\"flex-basis:34%\">\n<p class=\"has-text-align-center has-neve-text-color-color has-text-color has-large-font-size\"><strong>Maderas y Melaminas<\/strong><\/p>\n\n\n\n<p class=\"has-drop-cap justificado has-neve-text-color-color has-text-color\">Desde madera maciza, pasando por enchapados de pino, caobilla, etc, con diferentes tintas o pintura de poliuretano, hasta melaminas de alta durabilidad tipo madera, metal, piedra, concreto, etc.<\/p>\n\n\n\n<div style=\"height:4px\" aria-hidden=\"true\" class=\"wp-block-spacer\"><\/div>\n\n\n\n<hr class=\"wp-block-separator has-css-opacity has-text-color has-neve-text-color-color has-neve-text-color-background-color has-background is-style-default\"\/>\n\n\n\n<div style=\"height:30px\" aria-hidden=\"true\" class=\"wp-block-spacer\"><\/div>\n\n\n\n<p class=\"has-text-align-center has-neve-text-color-color has-text-color\">Solicita una cita para conocer nuestros muestrarios f\u00edsicos<\/p>\n<\/div>\n<\/div>\n\n\n\n<div style=\"height:40px\" aria-hidden=\"true\" class=\"wp-block-spacer\"><\/div>\n<\/div><\/div>\n<\/div><\/div>\n\n\n\n<div style=\"height:40px\" aria-hidden=\"true\" class=\"wp-block-spacer\"><\/div>\n\n\n\n<div class=\"wp-block-cover alignfull\" style=\"min-height:600px;aspect-ratio:unset;\"><span aria-hidden=\"true\" class=\"wp-block-cover__background has-nv-light-bg-background-color has-background-dim-100 has-background-dim\"><\/span><div class=\"wp-block-cover__inner-container is-layout-flow wp-block-cover-is-layout-flow\">\n<div class=\"wp-block-group\"><div class=\"wp-block-group__inner-container is-layout-flow wp-block-group-is-layout-flow\">\n<div style=\"height:80px\" aria-hidden=\"true\" class=\"wp-block-spacer\"><\/div>\n\n\n\n<div class=\"wp-block-columns is-layout-flex wp-container-core-columns-is-layout-9d6595d7 wp-block-columns-is-layout-flex\">\n<div class=\"wp-block-column is-layout-flow wp-block-column-is-layout-flow\" style=\"flex-basis:66.79%\">\n<figure class=\"wp-block-image size-full is-resized\"><img loading=\"lazy\" decoding=\"async\" width=\"1000\" height=\"667\" src=\"https:\/\/totemcocinas.mx\/wp-content\/uploads\/2024\/01\/13.jpg\" alt=\"\" class=\"wp-image-202\" style=\"width:745px;height:auto\" srcset=\"https:\/\/totemcocinas.mx\/wp-content\/uploads\/2024\/01\/13.jpg 1000w, https:\/\/totemcocinas.mx\/wp-content\/uploads\/2024\/01\/13-300x200.jpg 300w, https:\/\/totemcocinas.mx\/wp-content\/uploads\/2024\/01\/13-768x512.jpg 768w, https:\/\/totemcocinas.mx\/wp-content\/uploads\/2024\/01\/13-930x620.jpg 930w\" sizes=\"auto, (max-width: 1000px) 100vw, 1000px\" \/><\/figure>\n<\/div>\n\n\n\n<div class=\"wp-block-column is-layout-flow wp-block-column-is-layout-flow\" style=\"flex-basis:34%\">\n<p class=\"has-text-align-center has-neve-text-color-color has-text-color has-large-font-size\"><strong>Piedras Avanzadas<\/strong><\/p>\n\n\n\n<p class=\"has-drop-cap justificado has-neve-text-color-color has-text-color\">Contamos con novedosos materiales minerales compactados que permiten superficies continuas de diferentes apariencias, texturas y espesores, sobre los que puedes cortar, picar, lavar, etc.<\/p>\n\n\n\n<div style=\"height:20px\" aria-hidden=\"true\" class=\"wp-block-spacer\"><\/div>\n\n\n\n<hr class=\"wp-block-separator has-css-opacity has-text-color has-neve-text-color-color has-neve-text-color-background-color has-background is-style-default\"\/>\n\n\n\n<div style=\"height:51px\" aria-hidden=\"true\" class=\"wp-block-spacer\"><\/div>\n\n\n\n<p class=\"has-text-align-center has-neve-text-color-color has-text-color\">\u00a1Conoce sus propiedades!<\/p>\n<\/div>\n<\/div>\n\n\n\n<div style=\"height:40px\" aria-hidden=\"true\" class=\"wp-block-spacer\"><\/div>\n<\/div><\/div>\n<\/div><\/div>\n\n\n\n<div style=\"height:40px\" aria-hidden=\"true\" class=\"wp-block-spacer\"><\/div>\n\n\n\n<div class=\"wp-block-cover alignfull\" style=\"min-height:600px;aspect-ratio:unset;\"><span aria-hidden=\"true\" class=\"wp-block-cover__background has-nv-light-bg-background-color has-background-dim-100 has-background-dim\"><\/span><div class=\"wp-block-cover__inner-container is-layout-flow wp-block-cover-is-layout-flow\">\n<div class=\"wp-block-group\"><div class=\"wp-block-group__inner-container is-layout-flow wp-block-group-is-layout-flow\">\n<div style=\"height:80px\" aria-hidden=\"true\" class=\"wp-block-spacer\"><\/div>\n\n\n\n<div class=\"wp-block-columns is-layout-flex wp-container-core-columns-is-layout-9d6595d7 wp-block-columns-is-layout-flex\">\n<div class=\"wp-block-column is-layout-flow wp-block-column-is-layout-flow\" style=\"flex-basis:66.79%\">\n<figure class=\"wp-block-image size-full is-resized\"><img loading=\"lazy\" decoding=\"async\" width=\"564\" height=\"559\" src=\"https:\/\/totemcocinas.mx\/wp-content\/uploads\/2024\/01\/40-copia.jpg\" alt=\"\" class=\"wp-image-210\" style=\"width:754px;height:auto\" srcset=\"https:\/\/totemcocinas.mx\/wp-content\/uploads\/2024\/01\/40-copia.jpg 564w, https:\/\/totemcocinas.mx\/wp-content\/uploads\/2024\/01\/40-copia-300x297.jpg 300w, https:\/\/totemcocinas.mx\/wp-content\/uploads\/2024\/01\/40-copia-150x150.jpg 150w\" sizes=\"auto, (max-width: 564px) 100vw, 564px\" \/><\/figure>\n<\/div>\n\n\n\n<div class=\"wp-block-column is-layout-flow wp-block-column-is-layout-flow\" style=\"flex-basis:34%\">\n<p class=\"has-text-align-center has-neve-text-color-color has-text-color has-large-font-size\"><strong>M\u00e1rmol<\/strong><\/p>\n\n\n\n<p class=\"has-drop-cap justificado has-neve-text-color-color has-text-color\">Uno de los materiales naturales con m\u00e1s variedad de formas, betas y colores. Trabajamos nacionales e importados.<\/p>\n\n\n\n<div style=\"height:122px\" aria-hidden=\"true\" class=\"wp-block-spacer\"><\/div>\n\n\n\n<hr class=\"wp-block-separator has-css-opacity has-text-color has-neve-text-color-color has-neve-text-color-background-color has-background is-style-default\"\/>\n\n\n\n<div style=\"height:121px\" aria-hidden=\"true\" class=\"wp-block-spacer\"><\/div>\n\n\n\n<p class=\"has-text-align-center has-neve-text-color-color has-text-color\">Puedes descubrir sus diferentes versiones agendando con nosotros<\/p>\n<\/div>\n<\/div>\n\n\n\n<div style=\"height:40px\" aria-hidden=\"true\" class=\"wp-block-spacer\"><\/div>\n<\/div><\/div>\n<\/div><\/div>\n\n\n\n<div style=\"height:43px\" aria-hidden=\"true\" class=\"wp-block-spacer\"><\/div>\n\n\n\n<div class=\"wp-block-cover alignfull\" style=\"min-height:600px;aspect-ratio:unset;\"><span aria-hidden=\"true\" class=\"wp-block-cover__background has-nv-light-bg-background-color has-background-dim-100 has-background-dim\"><\/span><div class=\"wp-block-cover__inner-container is-layout-flow wp-block-cover-is-layout-flow\">\n<div class=\"wp-block-group\"><div class=\"wp-block-group__inner-container is-layout-flow wp-block-group-is-layout-flow\">\n<div style=\"height:80px\" aria-hidden=\"true\" class=\"wp-block-spacer\"><\/div>\n\n\n\n<div class=\"wp-block-columns is-layout-flex wp-container-core-columns-is-layout-9d6595d7 wp-block-columns-is-layout-flex\">\n<div class=\"wp-block-column is-layout-flow wp-block-column-is-layout-flow\" style=\"flex-basis:66.79%\">\n<figure class=\"wp-block-image size-full is-resized\"><img loading=\"lazy\" decoding=\"async\" width=\"2560\" height=\"1707\" src=\"https:\/\/totemcocinas.mx\/wp-content\/uploads\/2024\/01\/29.jpg\" alt=\"\" class=\"wp-image-207\" style=\"width:759px;height:auto\" srcset=\"https:\/\/totemcocinas.mx\/wp-content\/uploads\/2024\/01\/29.jpg 2560w, https:\/\/totemcocinas.mx\/wp-content\/uploads\/2024\/01\/29-300x200.jpg 300w, https:\/\/totemcocinas.mx\/wp-content\/uploads\/2024\/01\/29-1024x683.jpg 1024w, https:\/\/totemcocinas.mx\/wp-content\/uploads\/2024\/01\/29-768x512.jpg 768w, https:\/\/totemcocinas.mx\/wp-content\/uploads\/2024\/01\/29-1536x1024.jpg 1536w, https:\/\/totemcocinas.mx\/wp-content\/uploads\/2024\/01\/29-2048x1366.jpg 2048w, https:\/\/totemcocinas.mx\/wp-content\/uploads\/2024\/01\/29-930x620.jpg 930w\" sizes=\"auto, (max-width: 2560px) 100vw, 2560px\" \/><\/figure>\n<\/div>\n\n\n\n<div class=\"wp-block-column is-layout-flow wp-block-column-is-layout-flow\" style=\"flex-basis:34%\">\n<p class=\"has-text-align-center has-neve-text-color-color has-text-color has-large-font-size\"><strong>Granito<\/strong><\/p>\n\n\n\n<p class=\"has-drop-cap justificado has-neve-text-color-color has-text-color\">El granito es otra variante de piedra natural muy solicitada por sus caracter\u00edsticas de resistencia, est\u00e9tica y econom\u00eda.<\/p>\n\n\n\n<div style=\"height:58px\" aria-hidden=\"true\" class=\"wp-block-spacer\"><\/div>\n\n\n\n<hr class=\"wp-block-separator has-css-opacity has-text-color has-neve-text-color-color has-neve-text-color-background-color has-background is-style-default\"\/>\n\n\n\n<div style=\"height:62px\" aria-hidden=\"true\" class=\"wp-block-spacer\"><\/div>\n\n\n\n<p class=\"has-text-align-center has-neve-text-color-color has-text-color\">Solicita una visita<\/p>\n<\/div>\n<\/div>\n\n\n\n<div style=\"height:40px\" aria-hidden=\"true\" class=\"wp-block-spacer\"><\/div>\n<\/div><\/div>\n<\/div><\/div>\n\n\n\n<div style=\"height:51px\" aria-hidden=\"true\" class=\"wp-block-spacer\"><\/div>\n\n\n\n<div class=\"wp-block-cover alignfull\" style=\"min-height:600px;aspect-ratio:unset;\"><span aria-hidden=\"true\" class=\"wp-block-cover__background has-nv-light-bg-background-color has-background-dim-100 has-background-dim\"><\/span><div class=\"wp-block-cover__inner-container is-layout-flow wp-block-cover-is-layout-flow\">\n<div class=\"wp-block-group\"><div class=\"wp-block-group__inner-container is-layout-flow wp-block-group-is-layout-flow\">\n<div style=\"height:82px\" aria-hidden=\"true\" class=\"wp-block-spacer\"><\/div>\n\n\n\n<div class=\"wp-block-columns is-layout-flex wp-container-core-columns-is-layout-9d6595d7 wp-block-columns-is-layout-flex\">\n<div class=\"wp-block-column is-layout-flow wp-block-column-is-layout-flow\" style=\"flex-basis:66.79%\">\n<figure class=\"wp-block-image size-full is-resized\"><img loading=\"lazy\" decoding=\"async\" width=\"564\" height=\"423\" src=\"https:\/\/totemcocinas.mx\/wp-content\/uploads\/2024\/01\/36.jpg\" alt=\"\" class=\"wp-image-205\" style=\"width:745px;height:auto\" srcset=\"https:\/\/totemcocinas.mx\/wp-content\/uploads\/2024\/01\/36.jpg 564w, https:\/\/totemcocinas.mx\/wp-content\/uploads\/2024\/01\/36-300x225.jpg 300w\" sizes=\"auto, (max-width: 564px) 100vw, 564px\" \/><\/figure>\n<\/div>\n\n\n\n<div class=\"wp-block-column is-layout-flow wp-block-column-is-layout-flow\" style=\"flex-basis:34%\">\n<p class=\"has-text-align-center has-neve-text-color-color has-text-color has-large-font-size\"><strong>Cuarzo<\/strong><\/p>\n\n\n\n<p class=\"has-drop-cap justificado has-neve-text-color-color has-text-color\">Las cubiertas de cuarzo se fabrican a la medida con diferentes combinaciones de polvos minerales que resultan en aspectos variados y otorgan una resistencia que se puede cortar sobre ella.<\/p>\n\n\n\n<div style=\"height:61px\" aria-hidden=\"true\" class=\"wp-block-spacer\"><\/div>\n\n\n\n<hr class=\"wp-block-separator has-css-opacity has-text-color has-neve-text-color-color has-neve-text-color-background-color has-background is-style-default\"\/>\n\n\n\n<div style=\"height:61px\" aria-hidden=\"true\" class=\"wp-block-spacer\"><\/div>\n\n\n\n<p class=\"has-text-align-center has-neve-text-color-color has-text-color\">B\u00fascanos en la p\u00e1gina de Contacto<\/p>\n<\/div>\n<\/div>\n\n\n\n<div style=\"height:40px\" aria-hidden=\"true\" class=\"wp-block-spacer\"><\/div>\n<\/div><\/div>\n<\/div><\/div>\n\n\n\n<div style=\"height:47px\" aria-hidden=\"true\" class=\"wp-block-spacer\"><\/div>\n\n\n\n<div class=\"wp-block-cover alignfull\" style=\"min-height:600px;aspect-ratio:unset;\"><span aria-hidden=\"true\" class=\"wp-block-cover__background has-nv-light-bg-background-color has-background-dim-100 has-background-dim\"><\/span><div class=\"wp-block-cover__inner-container is-layout-flow wp-block-cover-is-layout-flow\">\n<div class=\"wp-block-group\"><div class=\"wp-block-group__inner-container is-layout-flow wp-block-group-is-layout-flow\">\n<div style=\"height:80px\" aria-hidden=\"true\" class=\"wp-block-spacer\"><\/div>\n\n\n\n<div class=\"wp-block-columns is-layout-flex wp-container-core-columns-is-layout-9d6595d7 wp-block-columns-is-layout-flex\">\n<div class=\"wp-block-column is-layout-flow wp-block-column-is-layout-flow\" style=\"flex-basis:66.79%\">\n<figure class=\"wp-block-image size-full is-resized\"><img loading=\"lazy\" decoding=\"async\" width=\"564\" height=\"479\" src=\"https:\/\/totemcocinas.mx\/wp-content\/uploads\/2024\/01\/51-1.jpg\" alt=\"\" class=\"wp-image-214\" style=\"width:745px;height:auto\" srcset=\"https:\/\/totemcocinas.mx\/wp-content\/uploads\/2024\/01\/51-1.jpg 564w, https:\/\/totemcocinas.mx\/wp-content\/uploads\/2024\/01\/51-1-300x255.jpg 300w\" sizes=\"auto, (max-width: 564px) 100vw, 564px\" \/><\/figure>\n<\/div>\n\n\n\n<div class=\"wp-block-column is-layout-flow wp-block-column-is-layout-flow\" style=\"flex-basis:34%\">\n<p class=\"has-text-align-center has-neve-text-color-color has-text-color has-large-font-size\"><strong>Vidrio<\/strong><\/p>\n\n\n\n<p class=\"has-drop-cap justificado has-neve-text-color-color has-text-color\">El vidrio es un excelente complemento en algunos casos est\u00e9ticos, y puede proponerse en el dise\u00f1o en sus m\u00faltiples acabados, colores y niveles transl\u00facidos<\/p>\n\n\n\n<div style=\"height:96px\" aria-hidden=\"true\" class=\"wp-block-spacer\"><\/div>\n\n\n\n<hr class=\"wp-block-separator has-css-opacity has-text-color has-neve-text-color-color has-neve-text-color-background-color has-background is-style-default\"\/>\n\n\n\n<div style=\"height:93px\" aria-hidden=\"true\" class=\"wp-block-spacer\"><\/div>\n\n\n\n<p class=\"has-text-align-center has-neve-text-color-color has-text-color\">Escr\u00edbenos por whatsapp<\/p>\n<\/div>\n<\/div>\n\n\n\n<div style=\"height:40px\" aria-hidden=\"true\" class=\"wp-block-spacer\"><\/div>\n<\/div><\/div>\n<\/div><\/div>\n\n\n\n<div style=\"height:33px\" aria-hidden=\"true\" class=\"wp-block-spacer\"><\/div>\n\n\n\n<div class=\"wp-block-cover alignfull\" style=\"min-height:758px;aspect-ratio:unset;\"><span aria-hidden=\"true\" class=\"wp-block-cover__background has-nv-light-bg-background-color has-background-dim-100 has-background-dim\"><\/span><div class=\"wp-block-cover__inner-container is-layout-flow wp-block-cover-is-layout-flow\">\n<div class=\"wp-block-group\"><div class=\"wp-block-group__inner-container is-layout-flow wp-block-group-is-layout-flow\">\n<div style=\"height:80px\" aria-hidden=\"true\" class=\"wp-block-spacer\"><\/div>\n\n\n\n<div class=\"wp-block-columns is-layout-flex wp-container-core-columns-is-layout-9d6595d7 wp-block-columns-is-layout-flex\">\n<div class=\"wp-block-column is-layout-flow wp-block-column-is-layout-flow\" style=\"flex-basis:66.79%\">\n<figure class=\"wp-block-image size-full is-resized\"><img loading=\"lazy\" decoding=\"async\" width=\"526\" height=\"380\" src=\"https:\/\/totemcocinas.mx\/wp-content\/uploads\/2024\/01\/18-png.png\" alt=\"\" class=\"wp-image-215\" style=\"width:745px;height:auto\" srcset=\"https:\/\/totemcocinas.mx\/wp-content\/uploads\/2024\/01\/18-png.png 526w, https:\/\/totemcocinas.mx\/wp-content\/uploads\/2024\/01\/18-png-300x217.png 300w\" sizes=\"auto, (max-width: 526px) 100vw, 526px\" \/><\/figure>\n<\/div>\n\n\n\n<div class=\"wp-block-column is-layout-flow wp-block-column-is-layout-flow\" style=\"flex-basis:34%\">\n<p class=\"has-text-align-center has-neve-text-color-color has-text-color has-large-font-size\"><strong>Lacas y Poliuretano<\/strong><\/p>\n\n\n\n<p class=\"has-drop-cap justificado has-neve-text-color-color has-text-color\">Si tu gusto es un mueble minimalista, las lacas ultraresistentes ofrecen un sinf\u00edn de colores y su resistencia es excelente al tiempo y manchas<\/p>\n\n\n\n<div style=\"height:12px\" aria-hidden=\"true\" class=\"wp-block-spacer\"><\/div>\n\n\n\n<hr class=\"wp-block-separator has-css-opacity has-text-color has-neve-text-color-color has-neve-text-color-background-color has-background is-style-default\"\/>\n\n\n\n<div style=\"height:14px\" aria-hidden=\"true\" class=\"wp-block-spacer\"><\/div>\n\n\n\n<p class=\"has-text-align-center has-neve-text-color-color has-text-color\">\u00a1\u00a1Solicita un muestrario!!<\/p>\n<\/div>\n<\/div>\n\n\n\n<div style=\"height:8px\" aria-hidden=\"true\" class=\"wp-block-spacer\"><\/div>\n<\/div><\/div>\n<\/div><\/div>\n\n\n\n<div style=\"height:27px\" aria-hidden=\"true\" class=\"wp-block-spacer\"><\/div>\n\n\n\n<div class=\"wp-block-cover alignfull is-light\" style=\"min-height:233px;aspect-ratio:unset;\"><span aria-hidden=\"true\" class=\"wp-block-cover__background has-nv-dark-bg-background-color has-background-dim-100 has-background-dim\"><\/span><div class=\"wp-block-cover__inner-container is-layout-flow wp-block-cover-is-layout-flow\">\n<div style=\"height:17px\" aria-hidden=\"true\" class=\"wp-block-spacer\"><\/div>\n\n\n\n<p class=\"has-text-align-center has-nv-site-bg-color has-text-color has-link-color has-medium-font-size wp-elements-4a9006638349cdb7e533836384a497c4\">&#8220;Desde el principio los materiales est\u00e1n ah\u00ed, justo al lado de la mesa\u2026 cuando ponemos los materiales juntos, comienza una reacci\u00f3n, esto de los materiales se trata de crear una atm\u00f3sfera y esto es sobre la creaci\u00f3n de la arquitectura&#8221;<br>Peter Zumthor<\/p>\n\n\n\n<div style=\"height:18px\" aria-hidden=\"true\" class=\"wp-block-spacer\"><\/div>\n<\/div><\/div>\n\n\n\n<div class=\"wp-block-cover alignfull is-light\" style=\"min-height:162px;aspect-ratio:unset;\"><span aria-hidden=\"true\" class=\"wp-block-cover__background has-nv-light-bg-background-color has-background-dim-100 has-background-dim\"><\/span><div class=\"wp-block-cover__inner-container is-layout-flow wp-block-cover-is-layout-flow\">\n<p class=\"has-text-align-left has-text-color has-link-color has-medium-font-size wp-elements-dc9c3b0369691f422d33f44b6a9af330\" style=\"color:#282c36\">Ciudad de M\u00e9xico<br>Tel\u00e9fono\/Whatsaap: <a href=\"tel:+5215511516530\">5511516530<\/a><br>Correo: <a href=\"mailto:contacto@totemcocinas.mx\">contacto@totemcocinas.mx<\/a><\/p>\n<\/div><\/div>\n\n\n\n<div style=\"height:19px\" aria-hidden=\"true\" class=\"wp-block-spacer\"><\/div>\n","protected":false},"excerpt":{"rendered":"","protected":false},"author":1,"featured_media":0,"parent":0,"menu_order":0,"comment_status":"closed","ping_status":"closed","template":"","meta":{"neve_meta_sidebar":"","neve_meta_container":"","neve_meta_enable_content_width":"on","neve_meta_content_width":100,"neve_meta_title_alignment":"","neve_meta_author_avatar":"","neve_post_elements_order":"","neve_meta_disable_header":"","neve_meta_disable_footer":"","neve_meta_disable_title":"on","pgc_sgb_lightbox_settings":"","_joinchat":[],"footnotes":""},"class_list":["post-11","page","type-page","status-publish","hentry"],"_links":{"self":[{"href":"https:\/\/totemcocinas.mx\/index.php\/wp-json\/wp\/v2\/pages\/11","targetHints":{"allow":["GET"]}}],"collection":[{"href":"https:\/\/totemcocinas.mx\/index.php\/wp-json\/wp\/v2\/pages"}],"about":[{"href":"https:\/\/totemcocinas.mx\/index.php\/wp-json\/wp\/v2\/types\/page"}],"author":[{"embeddable":true,"href":"https:\/\/totemcocinas.mx\/index.php\/wp-json\/wp\/v2\/users\/1"}],"replies":[{"embeddable":true,"href":"https:\/\/totemcocinas.mx\/index.php\/wp-json\/wp\/v2\/comments?post=11"}],"version-history":[{"count":24,"href":"https:\/\/totemcocinas.mx\/index.php\/wp-json\/wp\/v2\/pages\/11\/revisions"}],"predecessor-version":[{"id":627,"href":"https:\/\/totemcocinas.mx\/index.php\/wp-json\/wp\/v2\/pages\/11\/revisions\/627"}],"wp:attachment":[{"href":"https:\/\/totemcocinas.mx\/index.php\/wp-json\/wp\/v2\/media?parent=11"}],"curies":[{"name":"wp","href":"https:\/\/api.w.org\/{rel}","templated":true}]}}